{"id":11,"date":"2013-06-11T19:09:27","date_gmt":"2013-06-11T19:09:27","guid":{"rendered":"http:\/\/ironband.dev\/?page_id=11"},"modified":"2025-12-08T15:03:46","modified_gmt":"2025-12-08T15:03:46","slug":"biography","status":"publish","type":"page","link":"https:\/\/lalalar.net\/?page_id=11","title":{"rendered":"Biography"},"content":{"rendered":"<p>Fresh psychedelics from Istanbul\/Berlin! Lalalar simply offers you a future-nostalgia through some retro-cinematic bass lines, electro-dirty beats, rebroken vocals, self-flirting guitars and kindly dug out samples from the legacies of Anatolia. Out of 2 sonic bouncers, Lalalar formed in 2019 and started to feel the pulse of a music that makes you dance and brainstorm at the very same time. Debut album &#8221;Bi Cinnete Bakar&#8221; launched in 2022 and the second album &#8221;En K\u00f6t\u00fc \u0130yi Olur&#8221; released in 2023. After a couple of new singles in 2025 and early 2026, the electronic outlaws are cooking a new album nowadays.<\/p>\n","protected":false},"excerpt":{"rendered":"<p>Fresh psychedelics from Istanbul\/Berlin! Lalalar simply offers you a future-nostalgia through some retro-cinematic bass lines, electro-dirty beats, rebroken vocals, self-flirting guitars and kindly dug out samples from the legacies of Anatolia. Out of 2 sonic bouncers, Lalalar formed in 2019 and started to feel the pulse of a music that makes you dance and brainstorm [&hellip;]<\/p>\n","protected":false},"author":1,"featured_media":0,"parent":2,"menu_order":2,"comment_status":"closed","ping_status":"open","template":"","meta":[],"_links":{"self":[{"href":"https:\/\/lalalar.net\/index.php?rest_route=\/wp\/v2\/pages\/11"}],"collection":[{"href":"https:\/\/lalalar.net\/index.php?rest_route=\/wp\/v2\/pages"}],"about":[{"href":"https:\/\/lalalar.net\/index.php?rest_route=\/wp\/v2\/types\/page"}],"author":[{"embeddable":true,"href":"https:\/\/lalalar.net\/index.php?rest_route=\/wp\/v2\/users\/1"}],"replies":[{"embeddable":true,"href":"https:\/\/lalalar.net\/index.php?rest_route=%2Fwp%2Fv2%2Fcomments&post=11"}],"version-history":[{"count":10,"href":"https:\/\/lalalar.net\/index.php?rest_route=\/wp\/v2\/pages\/11\/revisions"}],"predecessor-version":[{"id":1125,"href":"https:\/\/lalalar.net\/index.php?rest_route=\/wp\/v2\/pages\/11\/revisions\/1125"}],"up":[{"embeddable":true,"href":"https:\/\/lalalar.net\/index.php?rest_route=\/wp\/v2\/pages\/2"}],"wp:attachment":[{"href":"https:\/\/lalalar.net\/index.php?rest_route=%2Fwp%2Fv2%2Fmedia&parent=11"}],"curies":[{"name":"wp","href":"https:\/\/api.w.org\/{rel}","templated":true}]}}